{"id":700,"date":"2022-08-03T11:24:43","date_gmt":"2022-08-03T09:24:43","guid":{"rendered":"https:\/\/www.gharecords.com\/catalogue\/guitarra-portuguesa\/"},"modified":"2025-03-19T09:36:19","modified_gmt":"2025-03-19T08:36:19","slug":"guitarra-portuguesa","status":"publish","type":"product","link":"https:\/\/www.gharecords.com\/en\/catalogue\/guitarra-portuguesa\/","title":{"rendered":"Guitarra portuguesa"},"content":{"rendered":"<p>The origin of the Portuguese guitar can be traced back to the Renaissance cittern through the 18th century English guitar. These instruments were mainly played at courts and upper class society in Europe. The tuning and technique of the Portuguese guitar originate in the Renaissance cittern, its form and size in the English guitar. Between 1850 and 1910 the Portuguese guitar, the main solo instrument used in Portuguese traditional urban music, became the chief accompaniment instrument of the fado. At the same time, a still vivid orally transmitted solo repertoire started developing. After 1910, during the post republican period, the Portuguese guitar was played in the upper class circles, pubs and theaters. Typical examples of this period are Armandinho\u2019s Varia\u00e7\u00f5es em l\u00e1 menor (ca 1925), Correia Leite\u2019s Can\u00e7\u00e3o de Alcipe, and later (ca 1958) Vira de Frielas by Jos\u00e9 Nunes, a brilliant guitarist who influenced Pedro Caldeira Cabral\u2019s early pieces.<\/p>\n<p>Pedro Caldeira Cabral has taught himself to play the Portuguese guitar and has composed works for this very instrument. In this respect, he has widened the scope of the repertoire for Portuguese guitar, so far limited to fado music. His playing of ancient instruments shows in his style together with popular tradition, classical music and jazz improvisation.<\/p>\n","protected":false},"excerpt":{"rendered":"<p>The origin of the Portuguese guitar can be traced back to the Renaissance cittern through the 18th century English guitar. These instruments were mainly played at courts and upper class society in Europe. The tuning and technique of the Portuguese guitar originate in the Renaissance cittern, its form and size in the English guitar. Between [&hellip;]<\/p>\n","protected":false},"featured_media":699,"comment_status":"open","ping_status":"closed","template":"","meta":{"_acf_changed":false},"artiste":[107],"product_brand":[],"product_cat":[48],"product_tag":[],"class_list":{"0":"post-700","1":"product","2":"type-product","3":"status-publish","4":"has-post-thumbnail","6":"artiste-pedro-caldeira-cabral-en","7":"product_cat-cds","9":"first","10":"instock","11":"taxable","12":"shipping-taxable","13":"purchasable","14":"product-type-simple"},"acf":[],"_links":{"self":[{"href":"https:\/\/www.gharecords.com\/en\/wp-json\/wp\/v2\/product\/700","targetHints":{"allow":["GET"]}}],"collection":[{"href":"https:\/\/www.gharecords.com\/en\/wp-json\/wp\/v2\/product"}],"about":[{"href":"https:\/\/www.gharecords.com\/en\/wp-json\/wp\/v2\/types\/product"}],"replies":[{"embeddable":true,"href":"https:\/\/www.gharecords.com\/en\/wp-json\/wp\/v2\/comments?post=700"}],"wp:featuredmedia":[{"embeddable":true,"href":"https:\/\/www.gharecords.com\/en\/wp-json\/wp\/v2\/media\/699"}],"wp:attachment":[{"href":"https:\/\/www.gharecords.com\/en\/wp-json\/wp\/v2\/media?parent=700"}],"wp:term":[{"taxonomy":"artiste","embeddable":true,"href":"https:\/\/www.gharecords.com\/en\/wp-json\/wp\/v2\/artiste?post=700"},{"taxonomy":"product_brand","embeddable":true,"href":"https:\/\/www.gharecords.com\/en\/wp-json\/wp\/v2\/product_brand?post=700"},{"taxonomy":"product_cat","embeddable":true,"href":"https:\/\/www.gharecords.com\/en\/wp-json\/wp\/v2\/product_cat?post=700"},{"taxonomy":"product_tag","embeddable":true,"href":"https:\/\/www.gharecords.com\/en\/wp-json\/wp\/v2\/product_tag?post=700"}],"curies":[{"name":"wp","href":"https:\/\/api.w.org\/{rel}","templated":true}]}}