{"id":635,"date":"2022-08-03T09:50:54","date_gmt":"2022-08-03T07:50:54","guid":{"rendered":"https:\/\/www.gharecords.com\/catalogue\/corpus\/"},"modified":"2025-10-31T17:00:03","modified_gmt":"2025-10-31T16:00:03","slug":"corpus-2","status":"publish","type":"product","link":"https:\/\/www.gharecords.com\/en\/catalogue\/corpus-2\/","title":{"rendered":"Corpus"},"content":{"rendered":"<p><strong>Hughes Kolp, guitare \u00e0 10 cordes &#8211; Magali Rischette, guitare \u00e0 6 cordes &#8211; Adrien Brogna, guitare \u00e0 8 cordes<\/strong><\/p>\n<p>In CORPUS, Magali Rischette, Hughes Kolp and Adrien Brogna present their arrangements of compositions by Granados, Alb\u00e9niz, de Falla and Turina. The link between the guitar and the country of Spain is so intense that the adaptation of these works originally conceived for piano or for orchestra finds in their version for 3 guitars an amazing character of authenticity. Spain appears in its diversity and in its splendor all over the 9 compositions of CORPUS. It is a <em>farruca<\/em>, a <em>jota<\/em> and a <em>zortziko<\/em> transformed into three <em>Danzas fant\u00e1sticas<\/em> for piano under Turina\u2019s pen, it is the <em>bullfighter\u2019s prayer<\/em> of the same Turina, it is the impressive narration that Alb\u00e9niz gives of a religious procession in Sevilla\u2026<\/p>\n<p>&nbsp;<\/p>\n<p>&gt; Let\u2019s take this opportunity to highlight the decisive action of composer and musicologist Felipe Pedrell in the growing awareness of a musical heritage that these four composers would explore with fervor. Pedrell also understands perfectly the importance of guitarist Francisco T\u00e1rrega when he writes, in 1915, \u00ab he made an instrument whose resources seem apparently so poor, one of the most expressive musical instruments.\u201d<\/p>\n<p>One might wonder, however, to which guitar does Manuel de Falla refer, in 1933, in his prologue to Pujol\u2019s 3<sup>rd<\/sup> volume of <em>Escuela razonada de <\/em><em>la guitarra<\/em>? He evokes an \u201cadmirable instrument, as sober as rich, which harshly or gently knows how to subjugate the spirit and in which, time helping, came to focus, as a rich heritage, all of the essential values \u200b\u200bof noble instruments of yore without interfering in any way in the true character due to its origin, the people itself\u201d. Does Falla mean the revolutionary guitar by luthier Antonio de Torres or the street instrument, song and dance accompanist, &#8220;which has always occupied a favorite place in the sound space of the Hispanic home\u201c? It now seems obvious that neither the so-called \u201cclassical guitar\u201d \u2013 I mean its construction and its technique &#8211; nor the knowledge that these composers had of it, would have been able to work together, at the time, in order to achieve a real fusion between the \u201cnational instrument\u201d and the nationalist musical expression. For lack of substantial repertoire, guitarists themselves write for their instrument or arrange topical works. So does T\u00e1rrega: amongst more than 200 transcriptions are six pieces for piano by his friend Alb\u00e9niz. Miguel Llobet, one of T\u00e1rrega\u2019s disciples, adapts for his guitar compositions for piano by Granados and by Alb\u00e9niz. Composers and guitarists know each other. Granados frequents the so-called \u201cvaqueria\u201d in Barcelona where T\u00e1rrega, Llobet and later Segovia used to perform.<\/p>\n<p>At this point of its history, the \u201cmodern\u201d guitar makes timid debuts on the classical scene. In 1920, Manuel de Falla composed his <em>Homenaje<\/em> to the memory of Claude Debussy, his unique piece originally written for the guitar. Its dedicatee, Miguel Llobet, plays it immediately in the concerts that he gives through Europe and South America but it is a harpist, Marie-Louise Casadesus-Beetz, who premieres it in Paris on January 24th 1921! Finally, another disciple of <em>T\u00e1rrega<\/em>, Emilio Pujol, plays it on the guitar in the Salle du Conservatoire on December 2nd 1922.<\/p>\n<p>As to Joaqu\u00edn Turina, in November 1923 he writes his first composition for the guitar, a <em>Fantasia<\/em> entitled <em>Sevillana<\/em>. It is dedicated to Segovia who premieres it Madrid one month later. On April 7th 1924, Albert Roussel, Joaquin Nin, Paul Dukas and Manuel de Falla are present in Madame Debussy\u2019s box seats at Segovia\u2019s debuts in Paris in the prestigious <em>Salle du<\/em> <em>Conservatoire<\/em>. His program features a short piece by Albert Roussel archly entitled <em>Segovia<\/em>\u2026<\/p>\n<p>Fran\u00e7oise-Emmanuelle Denis<\/p>\n<p>_________________________________________________<\/p>\n<p>(1) <em>Escuela razonada de la guitarra<\/em>, libro 3\u00b0, Ricordi americana, Buenos Aires, 1954. <em>Basada en los principios de la t\u00e9cnica de T\u00e1rrega. A la mem\u00f3ria de Francisco T\u00e1rrega, f\u00e9nix espiritual de la guitarra. Homenaje de gratitud y admiraci\u00f3n.<\/em><\/p>\n<p>(2) La partition de cet <em>Homenaje para guitarra<\/em> est publi\u00e9e, en d\u00e9cembre 1920, dans une \u00e9dition sp\u00e9ciale de <em>La Revue musicale.<\/em> Son directeur, Henri Pruni\u00e8res, y r\u00e9unit sous le titre de \u00ab Tombeau de Claude Debussy \u00bb une dizaine de pi\u00e8ces sign\u00e9es Dukas, Roussel, Malipiero, Goossens, Bart\u00f3k, Schmitt, de Falla, Ravel, Satie et Stravinsky ainsi que des articles r\u00e9dig\u00e9s par Ravel, Satie, Bart\u00f3k, Stravinsky et de Falla. L\u2019illustration de la couverture est confi\u00e9e \u00e0 Raoul Dufy. Manuel de Falla r\u00e9alise par la suite une version pour orchestre de cet <em>Homenaje<\/em>, elle est sous-titr\u00e9e <em>Eleg\u00eda de la guitarra<\/em> et d\u00e9di\u00e9e \u00e0 Claude Debussy.<\/p>\n","protected":false},"excerpt":{"rendered":"<p>Hughes Kolp, guitare \u00e0 10 cordes &#8211; Magali Rischette, guitare \u00e0 6 cordes &#8211; Adrien Brogna, guitare \u00e0 8 cordes In CORPUS, Magali Rischette, Hughes Kolp and Adrien Brogna present their arrangements of compositions by Granados, Alb\u00e9niz, de Falla and Turina. The link between the guitar and the country of Spain is so intense that [&hellip;]<\/p>\n","protected":false},"featured_media":634,"comment_status":"open","ping_status":"closed","template":"","meta":{"_acf_changed":false},"artiste":[117,90,113],"product_brand":[],"product_cat":[48],"product_tag":[],"class_list":{"0":"post-635","1":"product","2":"type-product","3":"status-publish","4":"has-post-thumbnail","6":"artiste-adrien-brogna-en","7":"artiste-alki-guitar-trio-en","8":"artiste-hughes-kolp-en","9":"product_cat-cds","11":"first","12":"instock","13":"taxable","14":"shipping-taxable","15":"purchasable","16":"product-type-simple"},"acf":[],"_links":{"self":[{"href":"https:\/\/www.gharecords.com\/en\/wp-json\/wp\/v2\/product\/635","targetHints":{"allow":["GET"]}}],"collection":[{"href":"https:\/\/www.gharecords.com\/en\/wp-json\/wp\/v2\/product"}],"about":[{"href":"https:\/\/www.gharecords.com\/en\/wp-json\/wp\/v2\/types\/product"}],"replies":[{"embeddable":true,"href":"https:\/\/www.gharecords.com\/en\/wp-json\/wp\/v2\/comments?post=635"}],"wp:featuredmedia":[{"embeddable":true,"href":"https:\/\/www.gharecords.com\/en\/wp-json\/wp\/v2\/media\/634"}],"wp:attachment":[{"href":"https:\/\/www.gharecords.com\/en\/wp-json\/wp\/v2\/media?parent=635"}],"wp:term":[{"taxonomy":"artiste","embeddable":true,"href":"https:\/\/www.gharecords.com\/en\/wp-json\/wp\/v2\/artiste?post=635"},{"taxonomy":"product_brand","embeddable":true,"href":"https:\/\/www.gharecords.com\/en\/wp-json\/wp\/v2\/product_brand?post=635"},{"taxonomy":"product_cat","embeddable":true,"href":"https:\/\/www.gharecords.com\/en\/wp-json\/wp\/v2\/product_cat?post=635"},{"taxonomy":"product_tag","embeddable":true,"href":"https:\/\/www.gharecords.com\/en\/wp-json\/wp\/v2\/product_tag?post=635"}],"curies":[{"name":"wp","href":"https:\/\/api.w.org\/{rel}","templated":true}]}}