{"id":567,"date":"2022-07-20T11:55:57","date_gmt":"2022-07-20T09:55:57","guid":{"rendered":"https:\/\/www.gharecords.com\/catalogue\/rasgueados-novel\/"},"modified":"2022-07-20T11:55:57","modified_gmt":"2022-07-20T09:55:57","slug":"rasgueados-roman-2","status":"publish","type":"product","link":"https:\/\/www.gharecords.com\/en\/catalogue\/rasgueados-roman-2\/","title":{"rendered":"Rasgueados (novel)"},"content":{"rendered":"<p>*** THIS BOOK IS ONLY AVAILABLE IN FRENCH *** Jeune enfant exil\u00e9 apr\u00e8s avoir assist\u00e9 au massacre de ses parents par la Phalange espagnole, Joselito est fascin\u00e9 par une guitare \u00ab travers\u00e9e de toutes les passions et d\u00e9chir\u00e9e de tous les drames \u00bb. En France, il fait son chemin dans le milieu musical parisien.<\/p>\n<p>Un jour, lui aussi venu d&#8217;Espagne, le guitariste Jacinto fait irruption dans l&#8217;univers de Joselito. Li\u00e9s par une forte amiti\u00e9 et une admiration r\u00e9ciproque, les deux hommes vont finalement en venir \u00e0 se d\u00e9tester.<\/p>\n","protected":false},"excerpt":{"rendered":"<p>*** THIS BOOK IS ONLY AVAILABLE IN FRENCH *** Jeune enfant exil\u00e9 apr\u00e8s avoir assist\u00e9 au massacre de ses parents par la Phalange espagnole, Joselito est fascin\u00e9 par une guitare \u00ab travers\u00e9e de toutes les passions et d\u00e9chir\u00e9e de tous les drames \u00bb. En France, il fait son chemin dans le milieu musical parisien. Un [&hellip;]<\/p>\n","protected":false},"featured_media":494,"comment_status":"open","ping_status":"closed","template":"","meta":{"_acf_changed":false},"artiste":[88],"product_brand":[],"product_cat":[51],"product_tag":[],"class_list":{"0":"post-567","1":"product","2":"type-product","3":"status-publish","4":"has-post-thumbnail","6":"artiste-rafael-andia-en","7":"product_cat-books","9":"first","10":"instock","11":"taxable","12":"shipping-taxable","13":"purchasable","14":"product-type-simple"},"acf":[],"_links":{"self":[{"href":"https:\/\/www.gharecords.com\/en\/wp-json\/wp\/v2\/product\/567","targetHints":{"allow":["GET"]}}],"collection":[{"href":"https:\/\/www.gharecords.com\/en\/wp-json\/wp\/v2\/product"}],"about":[{"href":"https:\/\/www.gharecords.com\/en\/wp-json\/wp\/v2\/types\/product"}],"replies":[{"embeddable":true,"href":"https:\/\/www.gharecords.com\/en\/wp-json\/wp\/v2\/comments?post=567"}],"wp:featuredmedia":[{"embeddable":true,"href":"https:\/\/www.gharecords.com\/en\/wp-json\/wp\/v2\/media\/494"}],"wp:attachment":[{"href":"https:\/\/www.gharecords.com\/en\/wp-json\/wp\/v2\/media?parent=567"}],"wp:term":[{"taxonomy":"artiste","embeddable":true,"href":"https:\/\/www.gharecords.com\/en\/wp-json\/wp\/v2\/artiste?post=567"},{"taxonomy":"product_brand","embeddable":true,"href":"https:\/\/www.gharecords.com\/en\/wp-json\/wp\/v2\/product_brand?post=567"},{"taxonomy":"product_cat","embeddable":true,"href":"https:\/\/www.gharecords.com\/en\/wp-json\/wp\/v2\/product_cat?post=567"},{"taxonomy":"product_tag","embeddable":true,"href":"https:\/\/www.gharecords.com\/en\/wp-json\/wp\/v2\/product_tag?post=567"}],"curies":[{"name":"wp","href":"https:\/\/api.w.org\/{rel}","templated":true}]}}