{"id":510,"date":"2022-07-15T13:55:11","date_gmt":"2022-07-15T11:55:11","guid":{"rendered":"https:\/\/www.gharecords.com\/home\/"},"modified":"2024-11-28T10:57:58","modified_gmt":"2024-11-28T09:57:58","slug":"home","status":"publish","type":"page","link":"https:\/\/www.gharecords.com\/en\/","title":{"rendered":"Home"},"content":{"rendered":"\t\t<div data-elementor-type=\"wp-page\" data-elementor-id=\"510\" class=\"elementor elementor-510 elementor-67\" data-elementor-post-type=\"page\">\n\t\t\t\t\t\t<section class=\"elementor-section elementor-top-section elementor-element elementor-element-efcdc57 elementor-section-full_width elementor-section-height-default elementor-section-height-default\" data-id=\"efcdc57\" data-element_type=\"section\" data-e-type=\"section\">\n\t\t\t\t\t\t<div class=\"elementor-container elementor-column-gap-default\">\n\t\t\t\t\t<div class=\"elementor-column elementor-col-100 elementor-top-column elementor-element elementor-element-3aa10f4\" data-id=\"3aa10f4\" data-element_type=\"column\" data-e-type=\"column\">\n\t\t\t<div class=\"elementor-widget-wrap elementor-element-populated\">\n\t\t\t\t\t\t<div class=\"elementor-element elementor-element-d245284 elementor--h-position-center elementor--v-position-middle elementor-arrows-position-inside elementor-pagination-position-inside elementor-widget elementor-widget-slides\" data-id=\"d245284\" data-element_type=\"widget\" data-e-type=\"widget\" data-settings=\"{&quot;autoplay_speed&quot;:4000,&quot;navigation&quot;:&quot;both&quot;,&quot;autoplay&quot;:&quot;yes&quot;,&quot;pause_on_hover&quot;:&quot;yes&quot;,&quot;pause_on_interaction&quot;:&quot;yes&quot;,&quot;infinite&quot;:&quot;yes&quot;,&quot;transition&quot;:&quot;slide&quot;,&quot;transition_speed&quot;:500}\" data-widget_type=\"slides.default\">\n\t\t\t\t<div class=\"elementor-widget-container\">\n\t\t\t\t\t\t\t\t\t<div class=\"elementor-swiper\">\n\t\t\t\t\t<div class=\"elementor-slides-wrapper elementor-main-swiper swiper\" role=\"region\" aria-roledescription=\"carousel\" aria-label=\"Slides\" dir=\"ltr\" data-animation=\"fadeInUp\">\n\t\t\t\t<div class=\"swiper-wrapper elementor-slides\">\n\t\t\t\t\t\t\t\t\t\t<div class=\"elementor-repeater-item-6030896 swiper-slide\" role=\"group\" aria-roledescription=\"slide\"><div class=\"swiper-slide-bg\"><\/div><div class=\"swiper-slide-inner\" ><div class=\"swiper-slide-contents\"><div class=\"elementor-slide-heading\">The one and only catalogue concerning the guitar<\/div><div class=\"elementor-slide-description\">\u2014 Le Monde la Musique<\/div><\/div><\/div><\/div><div class=\"elementor-repeater-item-022c198 swiper-slide\" role=\"group\" aria-roledescription=\"slide\"><div class=\"swiper-slide-bg\"><\/div><div class=\"swiper-slide-inner\" ><div class=\"swiper-slide-contents\"><div class=\"elementor-slide-heading\">The world's foremost source of important guitar recordings<\/div><div class=\"elementor-slide-description\">\u2014 Classical Guitar Alive! radio program, Austin, Texas<\/div><\/div><\/div><\/div><div class=\"elementor-repeater-item-9d67e09 swiper-slide\" role=\"group\" aria-roledescription=\"slide\"><div class=\"swiper-slide-bg\"><\/div><div class=\"swiper-slide-inner\" ><div class=\"swiper-slide-contents\"><div class=\"elementor-slide-heading\">The most prestigious names of the contemporary panorama of the guitar<\/div><div class=\"elementor-slide-description\">\u2014 Guitart<\/div><\/div><\/div><\/div><div class=\"elementor-repeater-item-4681c9a swiper-slide\" role=\"group\" aria-roledescription=\"slide\"><div class=\"swiper-slide-bg\"><\/div><div class=\"swiper-slide-inner\" ><div class=\"swiper-slide-contents\"><div class=\"elementor-slide-heading\">A language marked by exemplary determination.<\/div><div class=\"elementor-slide-description\">\u2014 Diapason<\/div><\/div><\/div><\/div>\t\t\t\t<\/div>\n\t\t\t\t\t\t\t\t\t\t\t\t\t\t\t<div class=\"elementor-swiper-button elementor-swiper-button-prev\" role=\"button\" tabindex=\"0\" aria-label=\"Previous slide\">\n\t\t\t\t\t\t\t<i aria-hidden=\"true\" class=\"eicon-chevron-left\"><\/i>\t\t\t\t\t\t<\/div>\n\t\t\t\t\t\t<div class=\"elementor-swiper-button elementor-swiper-button-next\" role=\"button\" tabindex=\"0\" aria-label=\"Next slide\">\n\t\t\t\t\t\t\t<i aria-hidden=\"true\" class=\"eicon-chevron-right\"><\/i>\t\t\t\t\t\t<\/div>\n\t\t\t\t\t\t\t\t\t\t\t\t\t\t\t\t<div class=\"swiper-pagination\"><\/div>\n\t\t\t\t\t\t\t\t\t\t\t\t<\/div>\n\t\t\t\t<\/div>\n\t\t\t\t\t\t\t\t<\/div>\n\t\t\t\t<\/div>\n\t\t\t\t\t<\/div>\n\t\t<\/div>\n\t\t\t\t\t<\/div>\n\t\t<\/section>\n\t\t\t\t<section class=\"elementor-section elementor-top-section elementor-element elementor-element-5d824df elementor-section-boxed elementor-section-height-default elementor-section-height-default\" data-id=\"5d824df\" data-element_type=\"section\" data-e-type=\"section\">\n\t\t\t\t\t\t<div class=\"elementor-container elementor-column-gap-default\">\n\t\t\t\t\t<div class=\"elementor-column elementor-col-100 elementor-top-column elementor-element elementor-element-56f10a3\" data-id=\"56f10a3\" data-element_type=\"column\" data-e-type=\"column\">\n\t\t\t<div class=\"elementor-widget-wrap elementor-element-populated\">\n\t\t\t\t\t\t<div class=\"elementor-element elementor-element-0895014 elementor-widget elementor-widget-heading\" data-id=\"0895014\" data-element_type=\"widget\" data-e-type=\"widget\" data-widget_type=\"heading.default\">\n\t\t\t\t<div class=\"elementor-widget-container\">\n\t\t\t\t\t<h2 class=\"elementor-heading-title elementor-size-default\">Light on...<\/h2>\t\t\t\t<\/div>\n\t\t\t\t<\/div>\n\t\t\t\t<div class=\"elementor-element elementor-element-2799696 elementor-cta--layout-image-left elementor-cta--valign-top elementor-hidden-tablet elementor-hidden-mobile elementor-cta--skin-classic elementor-animated-content elementor-widget elementor-widget-call-to-action\" data-id=\"2799696\" data-element_type=\"widget\" data-e-type=\"widget\" data-widget_type=\"call-to-action.default\">\n\t\t\t\t<div class=\"elementor-widget-container\">\n\t\t\t\t\t\t\t<div class=\"elementor-cta\">\n\t\t\t\t\t<div class=\"elementor-cta__bg-wrapper\">\n\t\t\t\t<div class=\"elementor-cta__bg elementor-bg\" style=\"background-image: url(https:\/\/www.gharecords.com\/wp-content\/uploads\/2025\/06\/sergio-odair-assad-site-gha.jpg);\" role=\"img\" aria-label=\"sergio-odair-assad-site-gha\"><\/div>\n\t\t\t\t<div class=\"elementor-cta__bg-overlay\"><\/div>\n\t\t\t<\/div>\n\t\t\t\t\t\t\t<div class=\"elementor-cta__content\">\n\t\t\t\t\n\t\t\t\t\t\t\t\t\t<h3 class=\"elementor-cta__title elementor-cta__content-item elementor-content-item\">\n\t\t\t\t\t\tS\u00e9rgio &amp; Odair Assad\t\t\t\t\t<\/h3>\n\t\t\t\t\n\t\t\t\t\t\t\t\t\t<div class=\"elementor-cta__description elementor-cta__content-item elementor-content-item\">\n\t\t\t\t\t\t<p>Did you know that the duo of S\u00e9rgio and Odair Assad is celebrating 60 years of existence this year?<\/p>\n<p>Taught by a student of Andr\u00e9s Segovia, and raised in the home of the samba, S\u00e9rgio and Odair Assad bring a singular combination of influences to all that they do. S\u00e9rgio and Odair grew up in a small town of Brazil, studying, practicing and performing as a duo. It is this identical musical education and experience that The New York Times credits for their \u201csupple, flawlessly unified sound\u201d. As children they already gave concerts in their native Brazil, they were still teenagers when they first performed in New York in 1969: the musical career of the Assad Brothers has been a path both fascinating and successful. They started out with the traditional repertoire of the guitar duo Presti-Lagoya as their base, to which they added contributions of fellow Brazilians Radam\u00e9s Gnattali, Francisco Mignone, Heitor Villa Lobos, Marlos Nobre, Egberto Gismonti, Wagner Tiso and Hermeto Pascoal.<\/p>\n\t\t\t\t\t<\/div>\n\t\t\t\t\n\t\t\t\t\t\t\t\t\t<div class=\"elementor-cta__button-wrapper elementor-cta__content-item elementor-content-item \">\n\t\t\t\t\t<a class=\"elementor-cta__button elementor-button elementor-size-xs\" href=\"https:\/\/www.gharecords.com\/en\/artistes\/duo-assad-en\/\" target=\"_blank\">\n\t\t\t\t\t\tMore\t\t\t\t\t<\/a>\n\t\t\t\t\t<\/div>\n\t\t\t\t\t\t\t<\/div>\n\t\t\t\t\t\t<\/div>\n\t\t\t\t\t\t<\/div>\n\t\t\t\t<\/div>\n\t\t\t\t<section class=\"elementor-section elementor-inner-section elementor-element elementor-element-72277d3 elementor-hidden-desktop elementor-section-boxed elementor-section-height-default elementor-section-height-default\" data-id=\"72277d3\" data-element_type=\"section\" data-e-type=\"section\" data-settings=\"{&quot;background_background&quot;:&quot;classic&quot;}\">\n\t\t\t\t\t\t<div class=\"elementor-container elementor-column-gap-default\">\n\t\t\t\t\t<div class=\"elementor-column elementor-col-50 elementor-inner-column elementor-element elementor-element-270dced\" data-id=\"270dced\" data-element_type=\"column\" data-e-type=\"column\">\n\t\t\t<div class=\"elementor-widget-wrap elementor-element-populated\">\n\t\t\t\t\t\t<div class=\"elementor-element elementor-element-87f438e elementor-widget elementor-widget-image\" data-id=\"87f438e\" data-element_type=\"widget\" data-e-type=\"widget\" data-widget_type=\"image.default\">\n\t\t\t\t<div class=\"elementor-widget-container\">\n\t\t\t\t\t\t\t\t\t\t\t\t\t\t\t<img fetchpriority=\"high\" decoding=\"async\" width=\"500\" height=\"501\" src=\"https:\/\/www.gharecords.com\/wp-content\/uploads\/2025\/06\/sergio-odair-assad-site-gha.jpg\" class=\"attachment-large size-large wp-image-1198\" alt=\"\" srcset=\"https:\/\/www.gharecords.com\/wp-content\/uploads\/2025\/06\/sergio-odair-assad-site-gha.jpg 500w, https:\/\/www.gharecords.com\/wp-content\/uploads\/2025\/06\/sergio-odair-assad-site-gha-300x300.jpg 300w, https:\/\/www.gharecords.com\/wp-content\/uploads\/2025\/06\/sergio-odair-assad-site-gha-150x150.jpg 150w, https:\/\/www.gharecords.com\/wp-content\/uploads\/2025\/06\/sergio-odair-assad-site-gha-100x100.jpg 100w\" sizes=\"(max-width: 500px) 100vw, 500px\" \/>\t\t\t\t\t\t\t\t\t\t\t\t\t\t\t<\/div>\n\t\t\t\t<\/div>\n\t\t\t\t\t<\/div>\n\t\t<\/div>\n\t\t\t\t<div class=\"elementor-column elementor-col-50 elementor-inner-column elementor-element elementor-element-920c777\" data-id=\"920c777\" data-element_type=\"column\" data-e-type=\"column\">\n\t\t\t<div class=\"elementor-widget-wrap elementor-element-populated\">\n\t\t\t\t\t\t<div class=\"elementor-element elementor-element-21668bd elementor-widget elementor-widget-heading\" data-id=\"21668bd\" data-element_type=\"widget\" data-e-type=\"widget\" data-widget_type=\"heading.default\">\n\t\t\t\t<div class=\"elementor-widget-container\">\n\t\t\t\t\t<h3 class=\"elementor-heading-title elementor-size-default\">S\u00e9rgio &amp; Odair Assad<\/h3>\t\t\t\t<\/div>\n\t\t\t\t<\/div>\n\t\t\t\t<div class=\"elementor-element elementor-element-6cfd6f7 elementor-widget elementor-widget-text-editor\" data-id=\"6cfd6f7\" data-element_type=\"widget\" data-e-type=\"widget\" data-widget_type=\"text-editor.default\">\n\t\t\t\t<div class=\"elementor-widget-container\">\n\t\t\t\t\t\t\t\t\t<p>Did you know that the duo of S\u00e9rgio and Odair Assad is celebrating 60 years of existence this year?<\/p>\n<p>Taught by a student of Andr\u00e9s Segovia, and raised in the home of the samba, S\u00e9rgio and Odair Assad bring a singular combination of influences to all that they do. S\u00e9rgio and Odair grew up in a small town of Brazil, studying, practicing and performing as a duo. It is this identical musical education and experience that The New York Times credits for their \u201csupple, flawlessly unified sound\u201d. As children they already gave concerts in their native Brazil, they were still teenagers when they first performed in New York in 1969: the musical career of the Assad Brothers has been a path both fascinating and successful. They started out with the traditional repertoire of the guitar duo Presti-Lagoya as their base, to which they added contributions of fellow Brazilians Radam\u00e9s Gnattali, Francisco Mignone, Heitor Villa Lobos, Marlos Nobre, Egberto Gismonti, Wagner Tiso and Hermeto Pascoal.<\/p>\n\t\t\t\t\t\t\t\t<\/div>\n\t\t\t\t<\/div>\n\t\t\t\t<div class=\"elementor-element elementor-element-d3c9fbd elementor-tablet-align-left elementor-widget elementor-widget-button\" data-id=\"d3c9fbd\" data-element_type=\"widget\" data-e-type=\"widget\" data-widget_type=\"button.default\">\n\t\t\t\t<div class=\"elementor-widget-container\">\n\t\t\t\t\t\t\t\t\t<div class=\"elementor-button-wrapper\">\n\t\t\t\t\t<a class=\"elementor-button elementor-button-link elementor-size-xs\" href=\"https:\/\/www.gharecords.com\/en\/artistes\/duo-assad-en\/\">\n\t\t\t\t\t\t<span class=\"elementor-button-content-wrapper\">\n\t\t\t\t\t\t\t\t\t<span class=\"elementor-button-text\">More<\/span>\n\t\t\t\t\t<\/span>\n\t\t\t\t\t<\/a>\n\t\t\t\t<\/div>\n\t\t\t\t\t\t\t\t<\/div>\n\t\t\t\t<\/div>\n\t\t\t\t\t<\/div>\n\t\t<\/div>\n\t\t\t\t\t<\/div>\n\t\t<\/section>\n\t\t\t\t\t<\/div>\n\t\t<\/div>\n\t\t\t\t\t<\/div>\n\t\t<\/section>\n\t\t\t\t<section class=\"elementor-section elementor-top-section elementor-element elementor-element-fb2964e elementor-section-boxed elementor-section-height-default elementor-section-height-default\" data-id=\"fb2964e\" data-element_type=\"section\" data-e-type=\"section\">\n\t\t\t\t\t\t<div class=\"elementor-container elementor-column-gap-default\">\n\t\t\t\t\t<div class=\"elementor-column elementor-col-100 elementor-top-column elementor-element elementor-element-a56a756\" data-id=\"a56a756\" data-element_type=\"column\" data-e-type=\"column\">\n\t\t\t<div class=\"elementor-widget-wrap elementor-element-populated\">\n\t\t\t\t\t\t<div class=\"elementor-element elementor-element-358a15f elementor-widget elementor-widget-heading\" data-id=\"358a15f\" data-element_type=\"widget\" data-e-type=\"widget\" data-widget_type=\"heading.default\">\n\t\t\t\t<div class=\"elementor-widget-container\">\n\t\t\t\t\t<h2 class=\"elementor-heading-title elementor-size-default\">Featured<\/h2>\t\t\t\t<\/div>\n\t\t\t\t<\/div>\n\t\t\t\t<div class=\"elementor-element elementor-element-8d8071a elementor-product-loop-item--align-center products-perso elementor-grid-4 elementor-grid-tablet-3 elementor-grid-mobile-2 elementor-products-grid elementor-wc-products elementor-widget elementor-widget-woocommerce-products\" data-id=\"8d8071a\" data-element_type=\"widget\" data-e-type=\"widget\" data-widget_type=\"woocommerce-products.default\">\n\t\t\t\t<div class=\"elementor-widget-container\">\n\t\t\t\t\t<div class=\"woocommerce columns-4 \"><ul class=\"products elementor-grid columns-4\">\n<li class=\"product type-product post-829 status-publish first instock product_cat-cds product_tag-classical has-post-thumbnail featured taxable shipping-taxable purchasable product-type-simple\">\n\t<a href=\"https:\/\/www.gharecords.com\/en\/catalogue\/two-concertos-for-two-guitars\/\" class=\"woocommerce-LoopProduct-link woocommerce-loop-product__link\"><img decoding=\"async\" width=\"300\" height=\"300\" src=\"https:\/\/www.gharecords.com\/wp-content\/uploads\/2022\/08\/assad03-300x300-1-300x300.jpg\" class=\"attachment-woocommerce_thumbnail size-woocommerce_thumbnail\" alt=\"Two Concertos for Two Guitars\" srcset=\"https:\/\/www.gharecords.com\/wp-content\/uploads\/2022\/08\/assad03-300x300-1.jpg 300w, https:\/\/www.gharecords.com\/wp-content\/uploads\/2022\/08\/assad03-300x300-1-150x150.jpg 150w, https:\/\/www.gharecords.com\/wp-content\/uploads\/2022\/08\/assad03-300x300-1-100x100.jpg 100w\" sizes=\"(max-width: 300px) 100vw, 300px\" \/><h2 class=\"woocommerce-loop-product__title\">Two Concertos for Two Guitars<\/h2>\t<div class=\"product-artiste\">S\u00e9rgio &amp; Odair Assad<\/div>\n\t\n\t<span class=\"price\"><span class=\"woocommerce-Price-amount amount\"><bdi><span class=\"woocommerce-Price-currencySymbol\">&euro;<\/span>&nbsp;18,00<\/bdi><\/span><\/span>\n<\/a><div class=\"woocommerce-loop-product__buttons\"><a href=\"\/en\/wp-json\/wp\/v2\/pages\/510?add-to-cart=829\" aria-describedby=\"woocommerce_loop_add_to_cart_link_describedby_829\" data-quantity=\"1\" class=\"button product_type_simple add_to_cart_button ajax_add_to_cart\" data-product_id=\"829\" data-product_sku=\"GHA 126.018\" aria-label=\"Add to cart: &ldquo;Two Concertos for Two Guitars&rdquo;\" rel=\"nofollow\" data-success_message=\"&ldquo;Two Concertos for Two Guitars&rdquo; has been added to your cart\" role=\"button\">Add to cart<\/a><\/div>\t<span id=\"woocommerce_loop_add_to_cart_link_describedby_829\" class=\"screen-reader-text\">\n\t\t\t<\/span>\n<\/li><li class=\"product type-product post-755 status-publish instock product_cat-cds product_tag-classical has-post-thumbnail featured taxable shipping-taxable purchasable product-type-simple\">\n\t<a href=\"https:\/\/www.gharecords.com\/en\/catalogue\/natsu-no-niwa\/\" class=\"woocommerce-LoopProduct-link woocommerce-loop-product__link\"><img decoding=\"async\" width=\"300\" height=\"300\" src=\"https:\/\/www.gharecords.com\/wp-content\/uploads\/2022\/08\/natsu-300x300-1-300x300.jpg\" class=\"attachment-woocommerce_thumbnail size-woocommerce_thumbnail\" alt=\"Natsu No Niwa\" srcset=\"https:\/\/www.gharecords.com\/wp-content\/uploads\/2022\/08\/natsu-300x300-1.jpg 300w, https:\/\/www.gharecords.com\/wp-content\/uploads\/2022\/08\/natsu-300x300-1-150x150.jpg 150w, https:\/\/www.gharecords.com\/wp-content\/uploads\/2022\/08\/natsu-300x300-1-100x100.jpg 100w\" sizes=\"(max-width: 300px) 100vw, 300px\" \/><h2 class=\"woocommerce-loop-product__title\">Natsu No Niwa<\/h2>\t<div class=\"product-artiste\">S\u00e9rgio &amp; Odair Assad<\/div>\n\t\n\t<span class=\"price\"><span class=\"woocommerce-Price-amount amount\"><bdi><span class=\"woocommerce-Price-currencySymbol\">&euro;<\/span>&nbsp;18,00<\/bdi><\/span><\/span>\n<\/a><div class=\"woocommerce-loop-product__buttons\"><a href=\"\/en\/wp-json\/wp\/v2\/pages\/510?add-to-cart=755\" aria-describedby=\"woocommerce_loop_add_to_cart_link_describedby_755\" data-quantity=\"1\" class=\"button product_type_simple add_to_cart_button ajax_add_to_cart\" data-product_id=\"755\" data-product_sku=\"GHA 126.029\" aria-label=\"Add to cart: &ldquo;Natsu No Niwa&rdquo;\" rel=\"nofollow\" data-success_message=\"&ldquo;Natsu No Niwa&rdquo; has been added to your cart\" role=\"button\">Add to cart<\/a><\/div>\t<span id=\"woocommerce_loop_add_to_cart_link_describedby_755\" class=\"screen-reader-text\">\n\t\t\t<\/span>\n<\/li><li class=\"product type-product post-752 status-publish instock product_cat-cds product_tag-latin-american has-post-thumbnail featured taxable shipping-taxable purchasable product-type-simple\">\n\t<a href=\"https:\/\/www.gharecords.com\/en\/catalogue\/milonga-per-tre-live-in-brussels\/\" class=\"woocommerce-LoopProduct-link woocommerce-loop-product__link\"><img loading=\"lazy\" decoding=\"async\" width=\"300\" height=\"300\" src=\"https:\/\/www.gharecords.com\/wp-content\/uploads\/2022\/08\/assad04-300x300-1-300x300.jpg\" class=\"attachment-woocommerce_thumbnail size-woocommerce_thumbnail\" alt=\"Milonga per tre :: Live in Brussels\" srcset=\"https:\/\/www.gharecords.com\/wp-content\/uploads\/2022\/08\/assad04-300x300-1.jpg 300w, https:\/\/www.gharecords.com\/wp-content\/uploads\/2022\/08\/assad04-300x300-1-150x150.jpg 150w, https:\/\/www.gharecords.com\/wp-content\/uploads\/2022\/08\/assad04-300x300-1-100x100.jpg 100w\" sizes=\"(max-width: 300px) 100vw, 300px\" \/><h2 class=\"woocommerce-loop-product__title\">Milonga per tre :: Live in Brussels<\/h2>\t<div class=\"product-artiste\">S\u00e9rgio &amp; Odair Assad<\/div>\n\t\n\t<span class=\"price\"><span class=\"woocommerce-Price-amount amount\"><bdi><span class=\"woocommerce-Price-currencySymbol\">&euro;<\/span>&nbsp;18,00<\/bdi><\/span><\/span>\n<\/a><div class=\"woocommerce-loop-product__buttons\"><a href=\"\/en\/wp-json\/wp\/v2\/pages\/510?add-to-cart=752\" aria-describedby=\"woocommerce_loop_add_to_cart_link_describedby_752\" data-quantity=\"1\" class=\"button product_type_simple add_to_cart_button ajax_add_to_cart\" data-product_id=\"752\" data-product_sku=\"GHA 126.055\" aria-label=\"Add to cart: &ldquo;Milonga per tre :: Live in Brussels&rdquo;\" rel=\"nofollow\" data-success_message=\"&ldquo;Milonga per tre :: Live in Brussels&rdquo; has been added to your cart\" role=\"button\">Add to cart<\/a><\/div>\t<span id=\"woocommerce_loop_add_to_cart_link_describedby_752\" class=\"screen-reader-text\">\n\t\t\t<\/span>\n<\/li><li class=\"product type-product post-536 status-publish last instock product_cat-cds product_tag-classical has-post-thumbnail featured taxable shipping-taxable purchasable product-type-simple\">\n\t<a href=\"https:\/\/www.gharecords.com\/en\/catalogue\/dances-from-the-new-world-2\/\" class=\"woocommerce-LoopProduct-link woocommerce-loop-product__link\"><img loading=\"lazy\" decoding=\"async\" width=\"300\" height=\"300\" src=\"https:\/\/www.gharecords.com\/wp-content\/uploads\/2022\/07\/assad-ances-from-the-new-world-300x300-1-300x300.jpg\" class=\"attachment-woocommerce_thumbnail size-woocommerce_thumbnail\" alt=\"Dances from the New World\" srcset=\"https:\/\/www.gharecords.com\/wp-content\/uploads\/2022\/07\/assad-ances-from-the-new-world-300x300-1.jpg 300w, https:\/\/www.gharecords.com\/wp-content\/uploads\/2022\/07\/assad-ances-from-the-new-world-300x300-1-150x150.jpg 150w, https:\/\/www.gharecords.com\/wp-content\/uploads\/2022\/07\/assad-ances-from-the-new-world-300x300-1-100x100.jpg 100w\" sizes=\"(max-width: 300px) 100vw, 300px\" \/><h2 class=\"woocommerce-loop-product__title\">Dances from the New World<\/h2>\t<div class=\"product-artiste\">Paquito D\u2019Rivera, S\u00e9rgio &amp; Odair Assad<\/div>\n\t\n\t<span class=\"price\"><span class=\"woocommerce-Price-amount amount\"><bdi><span class=\"woocommerce-Price-currencySymbol\">&euro;<\/span>&nbsp;18,00<\/bdi><\/span><\/span>\n<\/a><div class=\"woocommerce-loop-product__buttons\"><a href=\"\/en\/wp-json\/wp\/v2\/pages\/510?add-to-cart=536\" aria-describedby=\"woocommerce_loop_add_to_cart_link_describedby_536\" data-quantity=\"1\" class=\"button product_type_simple add_to_cart_button ajax_add_to_cart\" data-product_id=\"536\" data-product_sku=\"GHA 126.069\" aria-label=\"Add to cart: &ldquo;Dances from the New World&rdquo;\" rel=\"nofollow\" data-success_message=\"&ldquo;Dances from the New World&rdquo; has been added to your cart\" role=\"button\">Add to cart<\/a><\/div>\t<span id=\"woocommerce_loop_add_to_cart_link_describedby_536\" class=\"screen-reader-text\">\n\t\t\t<\/span>\n<\/li><\/ul>\n<\/div>\t\t\t\t<\/div>\n\t\t\t\t<\/div>\n\t\t\t\t\t<\/div>\n\t\t<\/div>\n\t\t\t\t\t<\/div>\n\t\t<\/section>\n\t\t\t\t<\/div>\n\t\t","protected":false},"excerpt":{"rendered":"<p>The one and only catalogue concerning the guitar\u2014 Le Monde la MusiqueThe world&#8217;s foremost source of important guitar recordings\u2014 Classical Guitar Alive! radio program, Austin, TexasThe most prestigious names of the contemporary panorama of the guitar\u2014 GuitartA language marked by exemplary determination.\u2014 Diapason Diapositive pr\u00e9c\u00e9dente Diapositive suivante Light on&#8230; More More Featured<\/p>\n","protected":false},"author":1,"featured_media":0,"parent":0,"menu_order":1,"comment_status":"closed","ping_status":"closed","template":"elementor_header_footer","meta":{"_acf_changed":false,"footnotes":""},"class_list":["post-510","page","type-page","status-publish","hentry"],"acf":[],"_links":{"self":[{"href":"https:\/\/www.gharecords.com\/en\/wp-json\/wp\/v2\/pages\/510","targetHints":{"allow":["GET"]}}],"collection":[{"href":"https:\/\/www.gharecords.com\/en\/wp-json\/wp\/v2\/pages"}],"about":[{"href":"https:\/\/www.gharecords.com\/en\/wp-json\/wp\/v2\/types\/page"}],"author":[{"embeddable":true,"href":"https:\/\/www.gharecords.com\/en\/wp-json\/wp\/v2\/users\/1"}],"replies":[{"embeddable":true,"href":"https:\/\/www.gharecords.com\/en\/wp-json\/wp\/v2\/comments?post=510"}],"version-history":[{"count":16,"href":"https:\/\/www.gharecords.com\/en\/wp-json\/wp\/v2\/pages\/510\/revisions"}],"predecessor-version":[{"id":1152,"href":"https:\/\/www.gharecords.com\/en\/wp-json\/wp\/v2\/pages\/510\/revisions\/1152"}],"wp:attachment":[{"href":"https:\/\/www.gharecords.com\/en\/wp-json\/wp\/v2\/media?parent=510"}],"curies":[{"name":"wp","href":"https:\/\/api.w.org\/{rel}","templated":true}]}}